{"id":79,"date":"2019-04-15T22:46:30","date_gmt":"2019-04-15T22:46:30","guid":{"rendered":"http:\/\/janwulf.com\/?page_id=79"},"modified":"2021-08-25T19:08:04","modified_gmt":"2021-08-25T19:08:04","slug":"onair","status":"publish","type":"page","link":"http:\/\/janwulf.com\/?page_id=79","title":{"rendered":"Onair"},"content":{"rendered":"\n<p>Als Reporter, Moderator und Redakteur bei <a href=\"http:\/\/www.ndr.de\/903\" data-type=\"URL\" data-id=\"www.ndr.de\/903\" target=\"_blank\" rel=\"noreferrer noopener\">NDR 90,3<\/a> &#8211; dem Landesradioprogramm des Norddeutschen Rundfunks in Hamburg &#8211; schl\u00e4gt Jan Wulfs Herz vor allem f\u00fcr das Maritime und das Plattdeutsche. F\u00fcr das <a href=\"http:\/\/www.ndr.de\/hafenkonzert\" data-type=\"URL\" data-id=\"www.ndr.de\/hafenkonzert\" target=\"_blank\" rel=\"noreferrer noopener\">Hamburger Hafenkonzert<\/a> &#8211; die \u00e4lteste regelm\u00e4\u00dfig ausgestrahlte Radiosendung der Welt &#8211; besch\u00e4ftigt er sich vor allem mit Themen rund um das Meer, die Schifffahrt und den Hamburger Hafen. Als Plattsnacker ist er fast jeden Sonntag bei der Sendung <a href=\"https:\/\/www.ndr.de\/903\/sendungen\/wi_snackt_platt\/index.html\" data-type=\"URL\" data-id=\"https:\/\/www.ndr.de\/903\/sendungen\/wi_snackt_platt\/index.html\" target=\"_blank\" rel=\"noreferrer noopener\">&#8222;Wi snackt Platt&#8220;<\/a> zu h\u00f6ren. <\/p>\n","protected":false},"excerpt":{"rendered":"<p>Als Reporter, Moderator und Redakteur bei NDR 90,3 &#8211; dem Landesradioprogramm des Norddeutschen Rundfunks in Hamburg &#8211; schl\u00e4gt Jan Wulfs Herz vor allem f\u00fcr das Maritime und das Plattdeutsche. F\u00fcr das Hamburger Hafenkonzert &#8211; die \u00e4lteste regelm\u00e4\u00dfig ausgestrahlte Radiosendung der Welt &#8211; besch\u00e4ftigt er sich vor allem mit Themen rund um das Meer, die Schifffahrt &hellip; <\/p>\n<p class=\"link-more\"><a href=\"http:\/\/janwulf.com\/?page_id=79\" class=\"more-link\"><span class=\"screen-reader-text\">&#8222;Onair&#8220;<\/span> weiterlesen<\/a><\/p>\n","protected":false},"author":1,"featured_media":0,"parent":0,"menu_order":0,"comment_status":"closed","ping_status":"closed","template":"","meta":[],"_links":{"self":[{"href":"http:\/\/janwulf.com\/index.php?rest_route=\/wp\/v2\/pages\/79"}],"collection":[{"href":"http:\/\/janwulf.com\/index.php?rest_route=\/wp\/v2\/pages"}],"about":[{"href":"http:\/\/janwulf.com\/index.php?rest_route=\/wp\/v2\/types\/page"}],"author":[{"embeddable":true,"href":"http:\/\/janwulf.com\/index.php?rest_route=\/wp\/v2\/users\/1"}],"replies":[{"embeddable":true,"href":"http:\/\/janwulf.com\/index.php?rest_route=%2Fwp%2Fv2%2Fcomments&post=79"}],"version-history":[{"count":10,"href":"http:\/\/janwulf.com\/index.php?rest_route=\/wp\/v2\/pages\/79\/revisions"}],"predecessor-version":[{"id":235,"href":"http:\/\/janwulf.com\/index.php?rest_route=\/wp\/v2\/pages\/79\/revisions\/235"}],"wp:attachment":[{"href":"http:\/\/janwulf.com\/index.php?rest_route=%2Fwp%2Fv2%2Fmedia&parent=79"}],"curies":[{"name":"wp","href":"https:\/\/api.w.org\/{rel}","templated":true}]}}